{"id":203,"date":"2016-06-20T08:59:34","date_gmt":"2016-06-20T08:59:34","guid":{"rendered":"http:\/\/sw-themes.com\/porto_dummy\/?page_id=203"},"modified":"2021-07-07T10:47:09","modified_gmt":"2021-07-07T08:47:09","slug":"impressum","status":"publish","type":"page","link":"https:\/\/ikram-food.de\/en\/impressum\/","title":{"rendered":"Impressum"},"content":{"rendered":"<div class=\"vc_row wpb_row row\"><div class=\"vc_column_container col-md-12\"><div class=\"wpb_wrapper vc_column-inner\"><h2  class=\"vc_custom_heading m-b-md align-left\"><strong>Impressum<\/strong><\/h2>\n\t<div class=\"wpb_text_column wpb_content_element\" >\n\t\t<div class=\"wpb_wrapper\">\n\t\t\t<h2 id=\"m46\">Diensteanbieter<\/h2>\n<p>Ikram Lebensmittel Gro\u00dfhandel GmbH<\/p>\n<p>Flottenstr. 24c<\/p>\n<p>13407 Berlin<\/p>\n<h2 id=\"m56\">Kontaktm\u00f6glichkeiten<\/h2>\n<p>E-Mail-Adresse: info@ikram-food.de<\/p>\n<p>Telefon: 030 398 85 216<\/p>\n<p>Fax: 030 398 85 218<\/p>\n<h2 id=\"m153\">Vertretungsberechtigte Personen<\/h2>\n<p>Vertretungsberechtigt: Z. Karadeniz<\/p>\n<h2 id=\"m58\">Angaben zum Unternehmen<\/h2>\n<p>Umsatzsteuer Identifikationsnummer (USt-ID): DE238444374<\/p>\n<h2 id=\"m151\">Register und Registernummer<\/h2>\n<p>Handelsregister<\/p>\n<p>Gef\u00fchrt bei: Berlin Amtsgericht Charlottenburg<\/p>\n<p>Nummer: HRB 95199 B<\/p>\n<h2 id=\"m172\">Social Media und andere Onlinepr\u00e4senzen<\/h2>\n<p>Dieses Impressum gilt auch f\u00fcr die folgenden Social-Media-Pr\u00e4senzen und Onlineprofile:<\/p>\n<p><a href=\"https:\/\/www.facebook.com\/ikramfood\" target=\"_blank\" rel=\"noopener\">https:\/\/www.facebook.com\/ikramfood<\/a><\/p>\n<h2 id=\"m65\">Haftungs- und Schutzrechtshinweise<\/h2>\n<p><strong>Haftungsausschluss<\/strong>: Die Inhalte dieses Onlineangebotes wurden sorgf\u00e4ltig und nach unserem aktuellen Kenntnisstand erstellt, dienen jedoch nur der Information und entfalten keine rechtlich bindende Wirkung, sofern es sich nicht um gesetzlich verpflichtende Informationen (z.B. das Impressum, die Datenschutzerkl\u00e4rung, AGB oder verpflichtende Belehrungen von Verbrauchern) handelt. Wir behalten uns vor, die Inhalte vollst\u00e4ndig oder teilweise zu \u00e4ndern oder zu l\u00f6schen, soweit vertragliche Verpflichtungen unber\u00fchrt bleiben. Alle Angebote sind freibleibend und unverbindlich.<\/p>\n<p><strong>Links auf fremde Webseiten<\/strong>: Die Inhalte fremder Webseiten, auf die wir direkt oder indirekt verweisen, liegen au\u00dferhalb unseres Verantwortungsbereiches und wir machen sie uns nicht zu Eigen. F\u00fcr alle Inhalte und Nachteile, die aus der Nutzung der in den verlinkten Webseiten aufrufbaren Informationen entstehen, \u00fcbernehmen wir keine Verantwortung.<\/p>\n<p><strong>Urheberrechte und Markenrechte<\/strong>: Alle auf dieser Website dargestellten Inhalte, wie Texte, Fotografien, Grafiken, Marken und Warenzeichen sind durch die jeweiligen Schutzrechte (Urheberrechte, Markenrechte) gesch\u00fctzt. Die Verwendung, Vervielf\u00e4ltigung usw. unterliegen unseren Rechten oder den Rechten der jeweiligen Urheber bzw. Rechteinhaber.<\/p>\n<p><strong>Hinweise auf Rechtsverst\u00f6\u00dfe<\/strong>: Sollten Sie innerhalb unseres Internetauftritts Rechtsverst\u00f6\u00dfe bemerken, bitten wir Sie uns auf diese hinzuweisen. Wir werden rechtswidrige Inhalte und Links nach Kenntnisnahme unverz\u00fcglich entfernen.<\/p>\n<p class=\"seal\"><a title=\"Rechtstext von Dr. Schwenke - f\u00fcr weitere Informationen bitte anklicken.\" href=\"https:\/\/datenschutz-generator.de\/?l=de\" target=\"_blank\" rel=\"noopener noreferrer nofollow\">Erstellt mit kostenlosem Datenschutz-Generator.de von Dr. Thomas Schwenke<\/a><\/p>\n\n\t\t<\/div>\n\t<\/div>\n<\/div><\/div><\/div>","protected":false},"excerpt":{"rendered":"Impressum Diensteanbieter Ikram Lebensmittel Gro\u00dfhandel GmbH Flottenstr. 24c 13407 Berlin Kontaktm\u00f6glichkeiten E-Mail-Adresse: info@ikram-food.de Telefon: 030 398 85 216 Fax: 030 398 85 218 Vertretungsberechtigte Personen Vertretungsberechtigt: Z. Karadeniz Angaben zum Unternehmen Umsatzsteuer Identifikationsnummer (USt-ID): DE238444374 Register und Registernummer Handelsregister Gef\u00fchrt bei: Berlin Amtsgericht Charlottenburg Nummer: HRB 95199 B Social Media und andere Onlinepr\u00e4senzen Dieses Impressum [...]","protected":false},"author":1,"featured_media":0,"parent":0,"menu_order":0,"comment_status":"closed","ping_status":"closed","template":"","meta":{"footnotes":""},"class_list":["post-203","page","type-page","status-publish","hentry"],"_links":{"self":[{"href":"https:\/\/ikram-food.de\/en\/wp-json\/wp\/v2\/pages\/203","targetHints":{"allow":["GET"]}}],"collection":[{"href":"https:\/\/ikram-food.de\/en\/wp-json\/wp\/v2\/pages"}],"about":[{"href":"https:\/\/ikram-food.de\/en\/wp-json\/wp\/v2\/types\/page"}],"author":[{"embeddable":true,"href":"https:\/\/ikram-food.de\/en\/wp-json\/wp\/v2\/users\/1"}],"replies":[{"embeddable":true,"href":"https:\/\/ikram-food.de\/en\/wp-json\/wp\/v2\/comments?post=203"}],"version-history":[{"count":4,"href":"https:\/\/ikram-food.de\/en\/wp-json\/wp\/v2\/pages\/203\/revisions"}],"predecessor-version":[{"id":3176,"href":"https:\/\/ikram-food.de\/en\/wp-json\/wp\/v2\/pages\/203\/revisions\/3176"}],"wp:attachment":[{"href":"https:\/\/ikram-food.de\/en\/wp-json\/wp\/v2\/media?parent=203"}],"curies":[{"name":"wp","href":"https:\/\/api.w.org\/{rel}","templated":true}]}}